{"id":14201,"date":"2022-10-07T08:35:01","date_gmt":"2022-10-07T08:35:01","guid":{"rendered":"https:\/\/matam-capital.com\/?page_id=14201"},"modified":"2022-10-10T10:28:35","modified_gmt":"2022-10-10T10:28:35","slug":"a-propos","status":"publish","type":"page","link":"https:\/\/matam-capital.com\/fr\/a-propos\/","title":{"rendered":"A Propos"},"content":{"rendered":"\t\t<div data-elementor-type=\"wp-page\" data-elementor-id=\"14201\" class=\"elementor elementor-14201\">\n\t\t\t\t\t\t\t\t\t<section class=\"elementor-section elementor-top-section elementor-element elementor-element-529325d elementor-section-full_width elementor-section-height-min-height elementor-section-stretched elementor-section-height-default elementor-section-items-middle\" data-id=\"529325d\" data-element_type=\"section\" data-settings=\"{&quot;stretch_section&quot;:&quot;section-stretched&quot;,&quot;background_background&quot;:&quot;classic&quot;,&quot;_ha_eqh_enable&quot;:false}\">\n\t\t\t\t\t\t<div class=\"elementor-container elementor-column-gap-default\">\n\t\t\t\t\t<div class=\"elementor-column elementor-col-100 elementor-top-column elementor-element elementor-element-acaf1cd\" data-id=\"acaf1cd\" data-element_type=\"column\">\n\t\t\t<div class=\"elementor-widget-wrap elementor-element-populated\">\n\t\t\t\t\t\t\t\t<div class=\"elementor-element elementor-element-a2c846b elementor-widget elementor-widget-heading\" data-id=\"a2c846b\" data-element_type=\"widget\" data-widget_type=\"heading.default\">\n\t\t\t\t<div class=\"elementor-widget-container\">\n\t\t\t<style>\/*! elementor - v3.7.7 - 20-09-2022 *\/\n.elementor-heading-title{padding:0;margin:0;line-height:1}.elementor-widget-heading .elementor-heading-title[class*=elementor-size-]>a{color:inherit;font-size:inherit;line-height:inherit}.elementor-widget-heading .elementor-heading-title.elementor-size-small{font-size:15px}.elementor-widget-heading .elementor-heading-title.elementor-size-medium{font-size:19px}.elementor-widget-heading .elementor-heading-title.elementor-size-large{font-size:29px}.elementor-widget-heading .elementor-heading-title.elementor-size-xl{font-size:39px}.elementor-widget-heading .elementor-heading-title.elementor-size-xxl{font-size:59px}<\/style><h2 class=\"elementor-heading-title elementor-size-default\">Matam Capital est <b>une soci\u00e9t\u00e9 d\u2019investissement<\/b> qui g\u00e8re les fonds propres de son actionnaire unique autour de trois classes d\u2019actifs <b>le capital-investissement, l\u2019immobilier patrimonial et les march\u00e9s financiers<\/b><\/h2>\t\t<\/div>\n\t\t\t\t<\/div>\n\t\t\t\t\t<\/div>\n\t\t<\/div>\n\t\t\t\t\t\t\t<\/div>\n\t\t<\/section>\n\t\t\t\t<section class=\"elementor-section elementor-top-section elementor-element elementor-element-67c89288 elementor-section-full_width elementor-section-content-middle elementor-section-height-default elementor-section-height-default\" data-id=\"67c89288\" data-element_type=\"section\" data-settings=\"{&quot;_ha_eqh_enable&quot;:false}\">\n\t\t\t\t\t\t<div class=\"elementor-container elementor-column-gap-wider\">\n\t\t\t\t\t<div class=\"elementor-column elementor-col-50 elementor-top-column elementor-element elementor-element-489d69b4\" data-id=\"489d69b4\" data-element_type=\"column\">\n\t\t\t<div class=\"elementor-widget-wrap elementor-element-populated\">\n\t\t\t\t\t\t\t\t<div class=\"elementor-element elementor-element-30853948 elementor-widget elementor-widget-rs-heading\" data-id=\"30853948\" data-element_type=\"widget\" data-widget_type=\"rs-heading.default\">\n\t\t\t\t<div class=\"elementor-widget-container\">\n\t\t\t        <div class=\"rs-heading default center \">\r\n        \t<div class=\"title-inner\">\r\n        \t\t      \t\t\r\n\t            <span class=\"sub-text \">A Propos<\/span>\t        <\/div>\r\n\t                    \t<div class=\"description\">\r\n            \t\t<p>Forts de nos convictions et accompagn\u00e9s d\u2019experts de renom, nous r\u00e9partissons nos investissements entre ces trois classes d\u2019actifs en recherchant le meilleur \u00e9quilibre rendement-risque.<\/p><p>Chacune de ces allocations repr\u00e9sente un tiers des fonds que nous investissons.<\/p>            \t\t\r\n            \t<\/div>\r\n        \t        <\/div>\r\n\r\n        \t\t<\/div>\n\t\t\t\t<\/div>\n\t\t\t\t\t<\/div>\n\t\t<\/div>\n\t\t\t\t<div class=\"elementor-column elementor-col-50 elementor-top-column elementor-element elementor-element-35aaea12 animated-slow elementor-invisible\" data-id=\"35aaea12\" data-element_type=\"column\" data-settings=\"{&quot;animation&quot;:&quot;fadeInUp&quot;,&quot;animation_delay&quot;:500}\">\n\t\t\t<div class=\"elementor-widget-wrap elementor-element-populated\">\n\t\t\t\t\t\t\t\t<div class=\"elementor-element elementor-element-2a1cdc05 elementor-invisible elementor-widget elementor-widget-image\" data-id=\"2a1cdc05\" data-element_type=\"widget\" data-settings=\"{&quot;_animation&quot;:&quot;slideInRight&quot;,&quot;_animation_delay&quot;:600}\" data-widget_type=\"image.default\">\n\t\t\t\t<div class=\"elementor-widget-container\">\n\t\t\t<style>\/*! elementor - v3.7.7 - 20-09-2022 *\/\n.elementor-widget-image{text-align:center}.elementor-widget-image a{display:inline-block}.elementor-widget-image a img[src$=\".svg\"]{width:48px}.elementor-widget-image img{vertical-align:middle;display:inline-block}<\/style>\t\t\t\t\t\t\t\t\t\t\t\t<img loading=\"lazy\" decoding=\"async\" width=\"640\" height=\"293\" src=\"https:\/\/matam-capital.com\/wp-content\/uploads\/2022\/10\/41973746-35117558-e1665074814589.jpg\" class=\"attachment-large size-large\" alt=\"\" srcset=\"https:\/\/matam-capital.com\/wp-content\/uploads\/2022\/10\/41973746-35117558-e1665074814589.jpg 792w, https:\/\/matam-capital.com\/wp-content\/uploads\/2022\/10\/41973746-35117558-e1665074814589-300x137.jpg 300w, https:\/\/matam-capital.com\/wp-content\/uploads\/2022\/10\/41973746-35117558-e1665074814589-768x351.jpg 768w, https:\/\/matam-capital.com\/wp-content\/uploads\/2022\/10\/41973746-35117558-e1665074814589-600x274.jpg 600w\" sizes=\"auto, (max-width: 640px) 100vw, 640px\" \/>\t\t\t\t\t\t\t\t\t\t\t\t\t\t\t<\/div>\n\t\t\t\t<\/div>\n\t\t\t\t\t<\/div>\n\t\t<\/div>\n\t\t\t\t\t\t\t<\/div>\n\t\t<\/section>\n\t\t\t\t<section class=\"elementor-section elementor-top-section elementor-element elementor-element-3e613ec elementor-section-boxed elementor-section-height-default elementor-section-height-default\" data-id=\"3e613ec\" data-element_type=\"section\" data-settings=\"{&quot;_ha_eqh_enable&quot;:false}\">\n\t\t\t\t\t\t<div class=\"elementor-container elementor-column-gap-default\">\n\t\t\t\t\t<div class=\"elementor-column elementor-col-100 elementor-top-column elementor-element elementor-element-5a87e25\" data-id=\"5a87e25\" data-element_type=\"column\">\n\t\t\t<div class=\"elementor-widget-wrap elementor-element-populated\">\n\t\t\t\t\t\t\t\t<div class=\"elementor-element elementor-element-fe206f3 elementor-widget elementor-widget-ha-advanced-tabs happy-addon ha-advanced-tabs happy-addon-pro\" data-id=\"fe206f3\" data-element_type=\"widget\" data-widget_type=\"ha-advanced-tabs.default\">\n\t\t\t\t<div class=\"elementor-widget-container\">\n\t\t\t\t\t<div class=\"ha-tabs-fe206f3 ha-tabs ha-tabs--nav-top ha-tabs--nav-x-center  ha-tabs--icon-left\" role=\"tablist\">\n\t\t\t<div class=\"ha-tabs__nav\">\n\t\t\t\t\t\t\t\t\t<div id=\"ha-tab-title-2661\" class=\"ha-tab__title ha-tab__title--desktop elementor-repeater-item-0895b1f\" data-tab=\"1\" role=\"tab\" aria-controls=\"ha-tab__content-2661\">\n\t\t\t\t\t\t\t\t\t\t\t\t<span class=\"ha-tab__title-text\">Capital-investissement<\/span><\/div>\n\t\t\t\t\t\t\t\t\t<div id=\"ha-tab-title-2662\" class=\"ha-tab__title ha-tab__title--desktop elementor-repeater-item-b936277\" data-tab=\"2\" role=\"tab\" aria-controls=\"ha-tab__content-2662\">\n\t\t\t\t\t\t\t\t\t\t\t\t<span class=\"ha-tab__title-text\">Immobilier Patrimonial<\/span><\/div>\n\t\t\t\t\t\t\t\t\t<div id=\"ha-tab-title-2663\" class=\"ha-tab__title ha-tab__title--desktop elementor-repeater-item-6988aa5\" data-tab=\"3\" role=\"tab\" aria-controls=\"ha-tab__content-2663\">\n\t\t\t\t\t\t\t\t\t\t\t\t<span class=\"ha-tab__title-text\">March\u00e9s Financiers<\/span><\/div>\n\t\t\t\t\t\t\t<\/div>\n\t\t\t<div class=\"ha-tabs__content\">\n\t\t\t\t\t\t\t\t\t<div class=\"ha-tab__title ha-tab__title--mobile elementor-repeater-item-0895b1f\" data-tab=\"1\" role=\"tab\">\n\t\t\t\t\t\t\t\t\t\t\t\t<span class=\"ha-tab__title-text\">Capital-investissement<\/span>\n\t\t\t\t\t<\/div>\n\t\t\t\t\t<div id=\"ha-tab-content-2661\" class=\"ha-tab__content ha-clearfix elementor-repeater-item-0895b1f\" data-tab=\"1\" role=\"tabpanel\" aria-labelledby=\"ha-tab-title-2661\">\n\t\t\t\t\t\t<p style=\"text-align: center;\">Nous d\u00e9tenons plus de 300 participations dans les domaines de l\u2019innovation technologique, le changement climatique, l\u2019environnement, l\u2019esp\u00e9rance de vie et l\u2019\u00e9volution d\u00e9mographique.<\/p>\t\t\t\t\t<\/div>\n\t\t\t\t\t\t\t\t\t<div class=\"ha-tab__title ha-tab__title--mobile elementor-repeater-item-b936277\" data-tab=\"2\" role=\"tab\">\n\t\t\t\t\t\t\t\t\t\t\t\t<span class=\"ha-tab__title-text\">Immobilier Patrimonial<\/span>\n\t\t\t\t\t<\/div>\n\t\t\t\t\t<div id=\"ha-tab-content-2662\" class=\"ha-tab__content ha-clearfix elementor-repeater-item-b936277\" data-tab=\"2\" role=\"tabpanel\" aria-labelledby=\"ha-tab-title-2662\">\n\t\t\t\t\t\t<p style=\"text-align: center;\">Passionn\u00e9s par l\u2019architecture, nous r\u00e9habilitions des immeubles patrimoniaux, exclusivement dans les m\u00e9tropoles fran\u00e7aises les plus dynamiques, avec un objectif de d\u00e9tention \u00e0 long terme.<\/p>\t\t\t\t\t<\/div>\n\t\t\t\t\t\t\t\t\t<div class=\"ha-tab__title ha-tab__title--mobile elementor-repeater-item-6988aa5\" data-tab=\"3\" role=\"tab\">\n\t\t\t\t\t\t\t\t\t\t\t\t<span class=\"ha-tab__title-text\">March\u00e9s Financiers<\/span>\n\t\t\t\t\t<\/div>\n\t\t\t\t\t<div id=\"ha-tab-content-2663\" class=\"ha-tab__content ha-clearfix elementor-repeater-item-6988aa5\" data-tab=\"3\" role=\"tabpanel\" aria-labelledby=\"ha-tab-title-2663\">\n\t\t\t\t\t\t<p style=\"text-align: center;\">Nous investissions en continu sur les march\u00e9s financiers en actions, obligations, <em>hedge funds<\/em> et mati\u00e8res premi\u00e8res, \u00e0 travers une approche d\u2019accumulation rationnelle.<\/p>\t\t\t\t\t<\/div>\n\t\t\t\t\t\t\t<\/div>\n\t\t<\/div>\n\t\t\t\t<\/div>\n\t\t\t\t<\/div>\n\t\t\t\t\t<\/div>\n\t\t<\/div>\n\t\t\t\t\t\t\t<\/div>\n\t\t<\/section>\n\t\t\t\t<section class=\"elementor-section elementor-top-section elementor-element elementor-element-7e2adbec elementor-section-boxed elementor-section-height-default elementor-section-height-default\" data-id=\"7e2adbec\" data-element_type=\"section\" data-settings=\"{&quot;_ha_eqh_enable&quot;:false}\">\n\t\t\t\t\t\t<div class=\"elementor-container elementor-column-gap-no\">\n\t\t\t\t\t<div class=\"elementor-column elementor-col-100 elementor-top-column elementor-element elementor-element-149834f4\" data-id=\"149834f4\" data-element_type=\"column\">\n\t\t\t<div class=\"elementor-widget-wrap elementor-element-populated\">\n\t\t\t\t\t\t\t\t<section class=\"elementor-section elementor-inner-section elementor-element elementor-element-eddd48f elementor-section-boxed elementor-section-height-default elementor-section-height-default\" data-id=\"eddd48f\" data-element_type=\"section\" data-settings=\"{&quot;_ha_eqh_enable&quot;:false}\">\n\t\t\t\t\t\t<div class=\"elementor-container elementor-column-gap-default\">\n\t\t\t\t\t<div class=\"elementor-column elementor-col-25 elementor-inner-column elementor-element elementor-element-0e5c904\" data-id=\"0e5c904\" data-element_type=\"column\">\n\t\t\t<div class=\"elementor-widget-wrap\">\n\t\t\t\t\t\t\t\t\t<\/div>\n\t\t<\/div>\n\t\t\t\t<div class=\"elementor-column elementor-col-25 elementor-inner-column elementor-element elementor-element-b4d1e14\" data-id=\"b4d1e14\" data-element_type=\"column\">\n\t\t\t<div class=\"elementor-widget-wrap elementor-element-populated\">\n\t\t\t\t\t\t\t\t<div class=\"elementor-element elementor-element-d32a750 elementor-widget elementor-widget-ha-member happy-addon ha-member\" data-id=\"d32a750\" data-element_type=\"widget\" data-widget_type=\"ha-member.default\">\n\t\t\t\t<div class=\"elementor-widget-container\">\n\t\t\t\n\t\t\t\t\t<figure class=\"ha-member-figure\">\n\t\t\t\t<img decoding=\"async\" src=\"https:\/\/matam-capital.com\/wp-content\/uploads\/elementor\/thumbs\/photo-mathieu-davrou-scaled-pw061wgfnq6wajhjvxccr5a2kq055u4h5powmhkxbs.jpg\" title=\"photo mathieu davrou\" alt=\"photo mathieu davrou\" class=\"elementor-animation-disable-animation\" \/>\t\t\t<\/figure>\n\t\t\n\t\t<div class=\"ha-member-body\">\n\t\t\t<h2 class=\"ha-member-name\">Mathieu Davrou<\/h2>\n\t\t\t\t\t\t\t<div class=\"ha-member-position\">PDG<\/div>\n\t\t\t\n\t\t\t\n\t\t\t\n\t\t\t\t\t\t\t<div class=\"ha-member-links\">\n\t\t\t\t\t<a target=\"_blank\" rel=\"noopener\" href=\"https:\/\/www.linkedin.com\/in\/mathieu-davrou-767aa8158\/\" class=\"elementor-repeater-item-c4ffbe9\"><i class=\"fa fa-linkedin fab\" aria-hidden=\"true\"><\/i><\/a>\t\t\t\t<\/div>\n\t\t\t\n\t\t\t\t\t<\/div>\n\t\t\t\t<\/div>\n\t\t\t\t<\/div>\n\t\t\t\t\t<\/div>\n\t\t<\/div>\n\t\t\t\t<div class=\"elementor-column elementor-col-25 elementor-inner-column elementor-element elementor-element-3b86478\" data-id=\"3b86478\" data-element_type=\"column\">\n\t\t\t<div class=\"elementor-widget-wrap elementor-element-populated\">\n\t\t\t\t\t\t\t\t<div class=\"elementor-element elementor-element-1bfd052 elementor-widget elementor-widget-ha-member happy-addon ha-member\" data-id=\"1bfd052\" data-element_type=\"widget\" data-widget_type=\"ha-member.default\">\n\t\t\t\t<div class=\"elementor-widget-container\">\n\t\t\t\n\t\t\t\t\t<figure class=\"ha-member-figure\">\n\t\t\t\t<img decoding=\"async\" src=\"https:\/\/matam-capital.com\/wp-content\/uploads\/elementor\/thumbs\/MATAM-Capital-Logo-pw0626snqwl1u92j7jt90ko53yl6ii9iv4v8wj5lfc.png\" title=\"MATAM Capital Logo\" alt=\"MATAM Capital Logo\" class=\"elementor-animation-disable-animation\" \/>\t\t\t<\/figure>\n\t\t\n\t\t<div class=\"ha-member-body\">\n\t\t\t<h2 class=\"ha-member-name\">Matam Capital<\/h2>\n\t\t\t\t\t\t\t<div class=\"ha-member-position\">Page Professionnelle<\/div>\n\t\t\t\n\t\t\t\n\t\t\t\n\t\t\t\t\t\t\t<div class=\"ha-member-links\">\n\t\t\t\t\t<a target=\"_blank\" rel=\"noopener\" href=\"https:\/\/www.linkedin.com\/company\/matam-developpement\/\" class=\"elementor-repeater-item-c4ffbe9\"><i class=\"fa fa-linkedin fab\" aria-hidden=\"true\"><\/i><\/a>\t\t\t\t<\/div>\n\t\t\t\n\t\t\t\t\t<\/div>\n\t\t\t\t<\/div>\n\t\t\t\t<\/div>\n\t\t\t\t\t<\/div>\n\t\t<\/div>\n\t\t\t\t<div class=\"elementor-column elementor-col-25 elementor-inner-column elementor-element elementor-element-1255af8\" data-id=\"1255af8\" data-element_type=\"column\">\n\t\t\t<div class=\"elementor-widget-wrap\">\n\t\t\t\t\t\t\t\t\t<\/div>\n\t\t<\/div>\n\t\t\t\t\t\t\t<\/div>\n\t\t<\/section>\n\t\t\t\t\t<\/div>\n\t\t<\/div>\n\t\t\t\t\t\t\t<\/div>\n\t\t<\/section>\n\t\t\t\t\t\t\t<\/div>\n\t\t","protected":false},"excerpt":{"rendered":"<p>Matam Capital est une soci\u00e9t\u00e9 d\u2019investissement qui g\u00e8re les fonds propres de son actionnaire unique autour de trois classes d\u2019actifs le capital-investissement, l\u2019immobilier patrimonial et les march\u00e9s financiers A Propos Forts de nos convictions et accompagn\u00e9s d\u2019experts de renom, nous r\u00e9partissons nos investissements entre ces trois classes d\u2019actifs en recherchant le meilleur \u00e9quilibre rendement-risque. Chacune&#8230;<\/p>\n","protected":false},"author":1,"featured_media":0,"parent":0,"menu_order":0,"comment_status":"closed","ping_status":"closed","template":"","meta":{"footnotes":""},"class_list":["post-14201","page","type-page","status-publish","hentry"],"yoast_head":"<!-- This site is optimized with the Yoast SEO plugin v19.8 - https:\/\/yoast.com\/wordpress\/plugins\/seo\/ -->\n<title>A Propos - Matam Capital<\/title>\n<meta name=\"robots\" content=\"index, follow, max-snippet:-1, max-image-preview:large, max-video-preview:-1\" \/>\n<link rel=\"canonical\" href=\"https:\/\/matam-capital.com\/fr\/a-propos\/\" \/>\n<meta property=\"og:locale\" content=\"fr_FR\" \/>\n<meta property=\"og:type\" content=\"article\" \/>\n<meta property=\"og:title\" content=\"A Propos - Matam Capital\" \/>\n<meta property=\"og:description\" content=\"Matam Capital est une soci\u00e9t\u00e9 d\u2019investissement qui g\u00e8re les fonds propres de son actionnaire unique autour de trois classes d\u2019actifs le capital-investissement, l\u2019immobilier patrimonial et les march\u00e9s financiers A Propos Forts de nos convictions et accompagn\u00e9s d\u2019experts de renom, nous r\u00e9partissons nos investissements entre ces trois classes d\u2019actifs en recherchant le meilleur \u00e9quilibre rendement-risque. Chacune...\" \/>\n<meta property=\"og:url\" content=\"https:\/\/matam-capital.com\/fr\/a-propos\/\" \/>\n<meta property=\"og:site_name\" content=\"Matam Capital\" \/>\n<meta property=\"article:modified_time\" content=\"2022-10-10T10:28:35+00:00\" \/>\n<meta property=\"og:image\" content=\"http:\/\/matam-capital.com\/wp-content\/uploads\/2022\/10\/41973746-35117558-e1665074814589.jpg\" \/>\n<meta name=\"twitter:card\" content=\"summary_large_image\" \/>\n<meta name=\"twitter:label1\" content=\"Dur\u00e9e de lecture estim\u00e9e\" \/>\n\t<meta name=\"twitter:data1\" content=\"1 minute\" \/>\n<script type=\"application\/ld+json\" class=\"yoast-schema-graph\">{\"@context\":\"https:\/\/schema.org\",\"@graph\":[{\"@type\":\"WebPage\",\"@id\":\"https:\/\/matam-capital.com\/fr\/a-propos\/\",\"url\":\"https:\/\/matam-capital.com\/fr\/a-propos\/\",\"name\":\"A Propos - Matam Capital\",\"isPartOf\":{\"@id\":\"https:\/\/matam-capital.com\/#website\"},\"datePublished\":\"2022-10-07T08:35:01+00:00\",\"dateModified\":\"2022-10-10T10:28:35+00:00\",\"breadcrumb\":{\"@id\":\"https:\/\/matam-capital.com\/fr\/a-propos\/#breadcrumb\"},\"inLanguage\":\"fr-FR\",\"potentialAction\":[{\"@type\":\"ReadAction\",\"target\":[\"https:\/\/matam-capital.com\/fr\/a-propos\/\"]}]},{\"@type\":\"BreadcrumbList\",\"@id\":\"https:\/\/matam-capital.com\/fr\/a-propos\/#breadcrumb\",\"itemListElement\":[{\"@type\":\"ListItem\",\"position\":1,\"name\":\"Home\",\"item\":\"https:\/\/matam-capital.com\/fr\/accueil\/\"},{\"@type\":\"ListItem\",\"position\":2,\"name\":\"A Propos\"}]},{\"@type\":\"WebSite\",\"@id\":\"https:\/\/matam-capital.com\/#website\",\"url\":\"https:\/\/matam-capital.com\/\",\"name\":\"Matam Capital\",\"description\":\"Invest Long term\",\"publisher\":{\"@id\":\"https:\/\/matam-capital.com\/#organization\"},\"potentialAction\":[{\"@type\":\"SearchAction\",\"target\":{\"@type\":\"EntryPoint\",\"urlTemplate\":\"https:\/\/matam-capital.com\/?s={search_term_string}\"},\"query-input\":\"required name=search_term_string\"}],\"inLanguage\":\"fr-FR\"},{\"@type\":\"Organization\",\"@id\":\"https:\/\/matam-capital.com\/#organization\",\"name\":\"Matam Capital\",\"url\":\"https:\/\/matam-capital.com\/\",\"sameAs\":[\"https:\/\/www.linkedin.com\/company\/matam-developpement\/\"],\"logo\":{\"@type\":\"ImageObject\",\"inLanguage\":\"fr-FR\",\"@id\":\"https:\/\/matam-capital.com\/#\/schema\/logo\/image\/\",\"url\":\"https:\/\/matam-capital.com\/wp-content\/uploads\/2022\/10\/cropped-NOIR.png\",\"contentUrl\":\"https:\/\/matam-capital.com\/wp-content\/uploads\/2022\/10\/cropped-NOIR.png\",\"width\":500,\"height\":500,\"caption\":\"Matam Capital\"},\"image\":{\"@id\":\"https:\/\/matam-capital.com\/#\/schema\/logo\/image\/\"}}]}<\/script>\n<!-- \/ Yoast SEO plugin. -->","yoast_head_json":{"title":"A Propos - Matam Capital","robots":{"index":"index","follow":"follow","max-snippet":"max-snippet:-1","max-image-preview":"max-image-preview:large","max-video-preview":"max-video-preview:-1"},"canonical":"https:\/\/matam-capital.com\/fr\/a-propos\/","og_locale":"fr_FR","og_type":"article","og_title":"A Propos - Matam Capital","og_description":"Matam Capital est une soci\u00e9t\u00e9 d\u2019investissement qui g\u00e8re les fonds propres de son actionnaire unique autour de trois classes d\u2019actifs le capital-investissement, l\u2019immobilier patrimonial et les march\u00e9s financiers A Propos Forts de nos convictions et accompagn\u00e9s d\u2019experts de renom, nous r\u00e9partissons nos investissements entre ces trois classes d\u2019actifs en recherchant le meilleur \u00e9quilibre rendement-risque. Chacune...","og_url":"https:\/\/matam-capital.com\/fr\/a-propos\/","og_site_name":"Matam Capital","article_modified_time":"2022-10-10T10:28:35+00:00","og_image":[{"url":"http:\/\/matam-capital.com\/wp-content\/uploads\/2022\/10\/41973746-35117558-e1665074814589.jpg"}],"twitter_card":"summary_large_image","twitter_misc":{"Dur\u00e9e de lecture estim\u00e9e":"1 minute"},"schema":{"@context":"https:\/\/schema.org","@graph":[{"@type":"WebPage","@id":"https:\/\/matam-capital.com\/fr\/a-propos\/","url":"https:\/\/matam-capital.com\/fr\/a-propos\/","name":"A Propos - Matam Capital","isPartOf":{"@id":"https:\/\/matam-capital.com\/#website"},"datePublished":"2022-10-07T08:35:01+00:00","dateModified":"2022-10-10T10:28:35+00:00","breadcrumb":{"@id":"https:\/\/matam-capital.com\/fr\/a-propos\/#breadcrumb"},"inLanguage":"fr-FR","potentialAction":[{"@type":"ReadAction","target":["https:\/\/matam-capital.com\/fr\/a-propos\/"]}]},{"@type":"BreadcrumbList","@id":"https:\/\/matam-capital.com\/fr\/a-propos\/#breadcrumb","itemListElement":[{"@type":"ListItem","position":1,"name":"Home","item":"https:\/\/matam-capital.com\/fr\/accueil\/"},{"@type":"ListItem","position":2,"name":"A Propos"}]},{"@type":"WebSite","@id":"https:\/\/matam-capital.com\/#website","url":"https:\/\/matam-capital.com\/","name":"Matam Capital","description":"Invest Long term","publisher":{"@id":"https:\/\/matam-capital.com\/#organization"},"potentialAction":[{"@type":"SearchAction","target":{"@type":"EntryPoint","urlTemplate":"https:\/\/matam-capital.com\/?s={search_term_string}"},"query-input":"required name=search_term_string"}],"inLanguage":"fr-FR"},{"@type":"Organization","@id":"https:\/\/matam-capital.com\/#organization","name":"Matam Capital","url":"https:\/\/matam-capital.com\/","sameAs":["https:\/\/www.linkedin.com\/company\/matam-developpement\/"],"logo":{"@type":"ImageObject","inLanguage":"fr-FR","@id":"https:\/\/matam-capital.com\/#\/schema\/logo\/image\/","url":"https:\/\/matam-capital.com\/wp-content\/uploads\/2022\/10\/cropped-NOIR.png","contentUrl":"https:\/\/matam-capital.com\/wp-content\/uploads\/2022\/10\/cropped-NOIR.png","width":500,"height":500,"caption":"Matam Capital"},"image":{"@id":"https:\/\/matam-capital.com\/#\/schema\/logo\/image\/"}}]}},"_links":{"self":[{"href":"https:\/\/matam-capital.com\/fr\/wp-json\/wp\/v2\/pages\/14201","targetHints":{"allow":["GET"]}}],"collection":[{"href":"https:\/\/matam-capital.com\/fr\/wp-json\/wp\/v2\/pages"}],"about":[{"href":"https:\/\/matam-capital.com\/fr\/wp-json\/wp\/v2\/types\/page"}],"author":[{"embeddable":true,"href":"https:\/\/matam-capital.com\/fr\/wp-json\/wp\/v2\/users\/1"}],"replies":[{"embeddable":true,"href":"https:\/\/matam-capital.com\/fr\/wp-json\/wp\/v2\/comments?post=14201"}],"version-history":[{"count":27,"href":"https:\/\/matam-capital.com\/fr\/wp-json\/wp\/v2\/pages\/14201\/revisions"}],"predecessor-version":[{"id":15120,"href":"https:\/\/matam-capital.com\/fr\/wp-json\/wp\/v2\/pages\/14201\/revisions\/15120"}],"wp:attachment":[{"href":"https:\/\/matam-capital.com\/fr\/wp-json\/wp\/v2\/media?parent=14201"}],"curies":[{"name":"wp","href":"https:\/\/api.w.org\/{rel}","templated":true}]}}