{"id":14978,"date":"2022-10-07T08:49:22","date_gmt":"2022-10-07T08:49:22","guid":{"rendered":"https:\/\/matam-capital.com\/?page_id=14978"},"modified":"2022-10-07T10:24:18","modified_gmt":"2022-10-07T10:24:18","slug":"marches-financiers","status":"publish","type":"page","link":"https:\/\/matam-capital.com\/fr\/marches-financiers\/","title":{"rendered":"March\u00e9s financiers"},"content":{"rendered":"\t\t<div data-elementor-type=\"wp-page\" data-elementor-id=\"14978\" class=\"elementor elementor-14978\">\n\t\t\t\t\t\t\t\t\t<section class=\"elementor-section elementor-top-section elementor-element elementor-element-9c16cbc elementor-section-full_width elementor-section-height-min-height elementor-section-stretched elementor-section-height-default elementor-section-items-middle\" data-id=\"9c16cbc\" data-element_type=\"section\" data-settings=\"{&quot;stretch_section&quot;:&quot;section-stretched&quot;,&quot;background_background&quot;:&quot;classic&quot;,&quot;_ha_eqh_enable&quot;:false}\">\n\t\t\t\t\t\t<div class=\"elementor-container elementor-column-gap-default\">\n\t\t\t\t\t<div class=\"elementor-column elementor-col-100 elementor-top-column elementor-element elementor-element-3d710a1\" data-id=\"3d710a1\" data-element_type=\"column\">\n\t\t\t<div class=\"elementor-widget-wrap elementor-element-populated\">\n\t\t\t\t\t\t\t\t<div class=\"elementor-element elementor-element-05afde9 elementor-widget elementor-widget-heading\" data-id=\"05afde9\" data-element_type=\"widget\" data-widget_type=\"heading.default\">\n\t\t\t\t<div class=\"elementor-widget-container\">\n\t\t\t<style>\/*! elementor - v3.7.7 - 20-09-2022 *\/\n.elementor-heading-title{padding:0;margin:0;line-height:1}.elementor-widget-heading .elementor-heading-title[class*=elementor-size-]>a{color:inherit;font-size:inherit;line-height:inherit}.elementor-widget-heading .elementor-heading-title.elementor-size-small{font-size:15px}.elementor-widget-heading .elementor-heading-title.elementor-size-medium{font-size:19px}.elementor-widget-heading .elementor-heading-title.elementor-size-large{font-size:29px}.elementor-widget-heading .elementor-heading-title.elementor-size-xl{font-size:39px}.elementor-widget-heading .elementor-heading-title.elementor-size-xxl{font-size:59px}<\/style><h2 class=\"elementor-heading-title elementor-size-default\"><b>Nous g\u00e9rons<\/b> notre portefeuille <b>d\u2019actifs financiers<\/b> \u00e0 travers une approche <b>d\u2019accumulation rationnelle<\/b><\/h2>\t\t<\/div>\n\t\t\t\t<\/div>\n\t\t\t\t\t<\/div>\n\t\t<\/div>\n\t\t\t\t\t\t\t<\/div>\n\t\t<\/section>\n\t\t\t\t<section class=\"elementor-section elementor-top-section elementor-element elementor-element-97e093f elementor-section-full_width elementor-section-height-default elementor-section-height-default\" data-id=\"97e093f\" data-element_type=\"section\" data-settings=\"{&quot;_ha_eqh_enable&quot;:false}\">\n\t\t\t\t\t\t<div class=\"elementor-container elementor-column-gap-no\">\n\t\t\t\t\t<div class=\"elementor-column elementor-col-100 elementor-top-column elementor-element elementor-element-f370663\" data-id=\"f370663\" data-element_type=\"column\">\n\t\t\t<div class=\"elementor-widget-wrap elementor-element-populated\">\n\t\t\t\t\t\t\t\t<div class=\"elementor-element elementor-element-00dd209 elementor-widget elementor-widget-rs-heading\" data-id=\"00dd209\" data-element_type=\"widget\" data-widget_type=\"rs-heading.default\">\n\t\t\t\t<div class=\"elementor-widget-container\">\n\t\t\t        <div class=\"rs-heading default center \">\r\n        \t<div class=\"title-inner\">\r\n        \t\t      \t\t\r\n\t            \t        <\/div>\r\n\t                    \t<div class=\"description\">\r\n            \t\t<p>Dans notre perspective de construction \u00e0 long terme, nous g\u00e9rons notre portefeuille d\u2019actifs financiers en ajustant continuellement nos positions au gr\u00e9 des cycles que nous traversons et des diff\u00e9rentes situations \u00e9conomiques auxquelles nous devons faire face.<\/p><p>\u00a0<\/p><p>Nous investissions en continu sur les march\u00e9s financiers en actions, obligations, <em>hedge funds<\/em> et mati\u00e8res premi\u00e8res.<\/p><p>\u00a0<\/p><p>Pour mieux comprendre notre syst\u00e8me \u00e9conomique<\/p>            \t\t\r\n            \t<\/div>\r\n        \t        <\/div>\r\n\r\n        \t\t<\/div>\n\t\t\t\t<\/div>\n\t\t\t\t<div class=\"elementor-element elementor-element-2e3bc65 elementor-aspect-ratio-169 elementor-widget elementor-widget-video\" data-id=\"2e3bc65\" data-element_type=\"widget\" data-settings=\"{&quot;youtube_url&quot;:&quot;https:\\\/\\\/www.youtube.com\\\/watch?v=xguam0TKMw8&quot;,&quot;video_type&quot;:&quot;youtube&quot;,&quot;controls&quot;:&quot;yes&quot;,&quot;aspect_ratio&quot;:&quot;169&quot;}\" data-widget_type=\"video.default\">\n\t\t\t\t<div class=\"elementor-widget-container\">\n\t\t\t<style>\/*! elementor - v3.7.7 - 20-09-2022 *\/\n.elementor-widget-video .elementor-widget-container{overflow:hidden;-webkit-transform:translateZ(0);transform:translateZ(0)}.elementor-widget-video .elementor-open-inline .elementor-custom-embed-image-overlay{position:absolute;top:0;left:0;width:100%;height:100%;background-size:cover;background-position:50%}.elementor-widget-video .elementor-custom-embed-image-overlay{cursor:pointer;text-align:center}.elementor-widget-video .elementor-custom-embed-image-overlay:hover .elementor-custom-embed-play i{opacity:1}.elementor-widget-video .elementor-custom-embed-image-overlay img{display:block;width:100%}.elementor-widget-video .e-hosted-video .elementor-video{-o-object-fit:cover;object-fit:cover}.e-container>.elementor-widget-video{width:var(--container-widget-width,100%)}<\/style>\t\t<div class=\"elementor-wrapper elementor-fit-aspect-ratio elementor-open-inline\">\n\t\t\t<div class=\"elementor-video\"><\/div>\t\t<\/div>\n\t\t\t\t<\/div>\n\t\t\t\t<\/div>\n\t\t\t\t\t<\/div>\n\t\t<\/div>\n\t\t\t\t\t\t\t<\/div>\n\t\t<\/section>\n\t\t\t\t\t\t\t<\/div>\n\t\t","protected":false},"excerpt":{"rendered":"<p>Nous g\u00e9rons notre portefeuille d\u2019actifs financiers \u00e0 travers une approche d\u2019accumulation rationnelle Dans notre perspective de construction \u00e0 long terme, nous g\u00e9rons notre portefeuille d\u2019actifs financiers en ajustant continuellement nos positions au gr\u00e9 des cycles que nous traversons et des diff\u00e9rentes situations \u00e9conomiques auxquelles nous devons faire face. \u00a0 Nous investissions en continu sur les&#8230;<\/p>\n","protected":false},"author":1,"featured_media":14969,"parent":0,"menu_order":0,"comment_status":"closed","ping_status":"closed","template":"","meta":{"footnotes":""},"class_list":["post-14978","page","type-page","status-publish","has-post-thumbnail","hentry"],"yoast_head":"<!-- This site is optimized with the Yoast SEO plugin v19.8 - https:\/\/yoast.com\/wordpress\/plugins\/seo\/ -->\n<title>March\u00e9s financiers - Matam Capital<\/title>\n<meta name=\"robots\" content=\"index, follow, max-snippet:-1, max-image-preview:large, max-video-preview:-1\" \/>\n<link rel=\"canonical\" href=\"https:\/\/matam-capital.com\/fr\/marches-financiers\/\" \/>\n<meta property=\"og:locale\" content=\"fr_FR\" \/>\n<meta property=\"og:type\" content=\"article\" \/>\n<meta property=\"og:title\" content=\"March\u00e9s financiers - Matam Capital\" \/>\n<meta property=\"og:description\" content=\"Nous g\u00e9rons notre portefeuille d\u2019actifs financiers \u00e0 travers une approche d\u2019accumulation rationnelle Dans notre perspective de construction \u00e0 long terme, nous g\u00e9rons notre portefeuille d\u2019actifs financiers en ajustant continuellement nos positions au gr\u00e9 des cycles que nous traversons et des diff\u00e9rentes situations \u00e9conomiques auxquelles nous devons faire face. \u00a0 Nous investissions en continu sur les...\" \/>\n<meta property=\"og:url\" content=\"https:\/\/matam-capital.com\/fr\/marches-financiers\/\" \/>\n<meta property=\"og:site_name\" content=\"Matam Capital\" \/>\n<meta property=\"article:modified_time\" content=\"2022-10-07T10:24:18+00:00\" \/>\n<meta name=\"twitter:card\" content=\"summary_large_image\" \/>\n<script type=\"application\/ld+json\" class=\"yoast-schema-graph\">{\"@context\":\"https:\/\/schema.org\",\"@graph\":[{\"@type\":\"WebPage\",\"@id\":\"https:\/\/matam-capital.com\/fr\/marches-financiers\/\",\"url\":\"https:\/\/matam-capital.com\/fr\/marches-financiers\/\",\"name\":\"March\u00e9s financiers - Matam Capital\",\"isPartOf\":{\"@id\":\"https:\/\/matam-capital.com\/#website\"},\"datePublished\":\"2022-10-07T08:49:22+00:00\",\"dateModified\":\"2022-10-07T10:24:18+00:00\",\"breadcrumb\":{\"@id\":\"https:\/\/matam-capital.com\/fr\/marches-financiers\/#breadcrumb\"},\"inLanguage\":\"fr-FR\",\"potentialAction\":[{\"@type\":\"ReadAction\",\"target\":[\"https:\/\/matam-capital.com\/fr\/marches-financiers\/\"]}]},{\"@type\":\"BreadcrumbList\",\"@id\":\"https:\/\/matam-capital.com\/fr\/marches-financiers\/#breadcrumb\",\"itemListElement\":[{\"@type\":\"ListItem\",\"position\":1,\"name\":\"Home\",\"item\":\"https:\/\/matam-capital.com\/fr\/accueil\/\"},{\"@type\":\"ListItem\",\"position\":2,\"name\":\"March\u00e9s financiers\"}]},{\"@type\":\"WebSite\",\"@id\":\"https:\/\/matam-capital.com\/#website\",\"url\":\"https:\/\/matam-capital.com\/\",\"name\":\"Matam Capital\",\"description\":\"Invest Long term\",\"publisher\":{\"@id\":\"https:\/\/matam-capital.com\/#organization\"},\"potentialAction\":[{\"@type\":\"SearchAction\",\"target\":{\"@type\":\"EntryPoint\",\"urlTemplate\":\"https:\/\/matam-capital.com\/?s={search_term_string}\"},\"query-input\":\"required name=search_term_string\"}],\"inLanguage\":\"fr-FR\"},{\"@type\":\"Organization\",\"@id\":\"https:\/\/matam-capital.com\/#organization\",\"name\":\"Matam Capital\",\"url\":\"https:\/\/matam-capital.com\/\",\"sameAs\":[\"https:\/\/www.linkedin.com\/company\/matam-developpement\/\"],\"logo\":{\"@type\":\"ImageObject\",\"inLanguage\":\"fr-FR\",\"@id\":\"https:\/\/matam-capital.com\/#\/schema\/logo\/image\/\",\"url\":\"https:\/\/matam-capital.com\/wp-content\/uploads\/2022\/10\/cropped-NOIR.png\",\"contentUrl\":\"https:\/\/matam-capital.com\/wp-content\/uploads\/2022\/10\/cropped-NOIR.png\",\"width\":500,\"height\":500,\"caption\":\"Matam Capital\"},\"image\":{\"@id\":\"https:\/\/matam-capital.com\/#\/schema\/logo\/image\/\"}}]}<\/script>\n<!-- \/ Yoast SEO plugin. -->","yoast_head_json":{"title":"March\u00e9s financiers - Matam Capital","robots":{"index":"index","follow":"follow","max-snippet":"max-snippet:-1","max-image-preview":"max-image-preview:large","max-video-preview":"max-video-preview:-1"},"canonical":"https:\/\/matam-capital.com\/fr\/marches-financiers\/","og_locale":"fr_FR","og_type":"article","og_title":"March\u00e9s financiers - Matam Capital","og_description":"Nous g\u00e9rons notre portefeuille d\u2019actifs financiers \u00e0 travers une approche d\u2019accumulation rationnelle Dans notre perspective de construction \u00e0 long terme, nous g\u00e9rons notre portefeuille d\u2019actifs financiers en ajustant continuellement nos positions au gr\u00e9 des cycles que nous traversons et des diff\u00e9rentes situations \u00e9conomiques auxquelles nous devons faire face. \u00a0 Nous investissions en continu sur les...","og_url":"https:\/\/matam-capital.com\/fr\/marches-financiers\/","og_site_name":"Matam Capital","article_modified_time":"2022-10-07T10:24:18+00:00","twitter_card":"summary_large_image","schema":{"@context":"https:\/\/schema.org","@graph":[{"@type":"WebPage","@id":"https:\/\/matam-capital.com\/fr\/marches-financiers\/","url":"https:\/\/matam-capital.com\/fr\/marches-financiers\/","name":"March\u00e9s financiers - Matam Capital","isPartOf":{"@id":"https:\/\/matam-capital.com\/#website"},"datePublished":"2022-10-07T08:49:22+00:00","dateModified":"2022-10-07T10:24:18+00:00","breadcrumb":{"@id":"https:\/\/matam-capital.com\/fr\/marches-financiers\/#breadcrumb"},"inLanguage":"fr-FR","potentialAction":[{"@type":"ReadAction","target":["https:\/\/matam-capital.com\/fr\/marches-financiers\/"]}]},{"@type":"BreadcrumbList","@id":"https:\/\/matam-capital.com\/fr\/marches-financiers\/#breadcrumb","itemListElement":[{"@type":"ListItem","position":1,"name":"Home","item":"https:\/\/matam-capital.com\/fr\/accueil\/"},{"@type":"ListItem","position":2,"name":"March\u00e9s financiers"}]},{"@type":"WebSite","@id":"https:\/\/matam-capital.com\/#website","url":"https:\/\/matam-capital.com\/","name":"Matam Capital","description":"Invest Long term","publisher":{"@id":"https:\/\/matam-capital.com\/#organization"},"potentialAction":[{"@type":"SearchAction","target":{"@type":"EntryPoint","urlTemplate":"https:\/\/matam-capital.com\/?s={search_term_string}"},"query-input":"required name=search_term_string"}],"inLanguage":"fr-FR"},{"@type":"Organization","@id":"https:\/\/matam-capital.com\/#organization","name":"Matam Capital","url":"https:\/\/matam-capital.com\/","sameAs":["https:\/\/www.linkedin.com\/company\/matam-developpement\/"],"logo":{"@type":"ImageObject","inLanguage":"fr-FR","@id":"https:\/\/matam-capital.com\/#\/schema\/logo\/image\/","url":"https:\/\/matam-capital.com\/wp-content\/uploads\/2022\/10\/cropped-NOIR.png","contentUrl":"https:\/\/matam-capital.com\/wp-content\/uploads\/2022\/10\/cropped-NOIR.png","width":500,"height":500,"caption":"Matam Capital"},"image":{"@id":"https:\/\/matam-capital.com\/#\/schema\/logo\/image\/"}}]}},"_links":{"self":[{"href":"https:\/\/matam-capital.com\/fr\/wp-json\/wp\/v2\/pages\/14978","targetHints":{"allow":["GET"]}}],"collection":[{"href":"https:\/\/matam-capital.com\/fr\/wp-json\/wp\/v2\/pages"}],"about":[{"href":"https:\/\/matam-capital.com\/fr\/wp-json\/wp\/v2\/types\/page"}],"author":[{"embeddable":true,"href":"https:\/\/matam-capital.com\/fr\/wp-json\/wp\/v2\/users\/1"}],"replies":[{"embeddable":true,"href":"https:\/\/matam-capital.com\/fr\/wp-json\/wp\/v2\/comments?post=14978"}],"version-history":[{"count":11,"href":"https:\/\/matam-capital.com\/fr\/wp-json\/wp\/v2\/pages\/14978\/revisions"}],"predecessor-version":[{"id":15089,"href":"https:\/\/matam-capital.com\/fr\/wp-json\/wp\/v2\/pages\/14978\/revisions\/15089"}],"wp:featuredmedia":[{"embeddable":true,"href":"https:\/\/matam-capital.com\/fr\/wp-json\/wp\/v2\/media\/14969"}],"wp:attachment":[{"href":"https:\/\/matam-capital.com\/fr\/wp-json\/wp\/v2\/media?parent=14978"}],"curies":[{"name":"wp","href":"https:\/\/api.w.org\/{rel}","templated":true}]}}