{"id":15010,"date":"2022-10-07T09:34:38","date_gmt":"2022-10-07T09:34:38","guid":{"rendered":"https:\/\/matam-capital.com\/?page_id=15010"},"modified":"2022-10-07T10:23:13","modified_gmt":"2022-10-07T10:23:13","slug":"capital-investissement","status":"publish","type":"page","link":"https:\/\/matam-capital.com\/fr\/capital-investissement\/","title":{"rendered":"Capital Investissement"},"content":{"rendered":"\t\t<div data-elementor-type=\"wp-page\" data-elementor-id=\"15010\" class=\"elementor elementor-15010\">\n\t\t\t\t\t\t\t\t\t<section class=\"elementor-section elementor-top-section elementor-element elementor-element-9c16cbc elementor-section-full_width elementor-section-height-min-height elementor-section-stretched elementor-section-height-default elementor-section-items-middle\" data-id=\"9c16cbc\" data-element_type=\"section\" data-settings=\"{&quot;stretch_section&quot;:&quot;section-stretched&quot;,&quot;background_background&quot;:&quot;classic&quot;,&quot;_ha_eqh_enable&quot;:false}\">\n\t\t\t\t\t\t<div class=\"elementor-container elementor-column-gap-default\">\n\t\t\t\t\t<div class=\"elementor-column elementor-col-100 elementor-top-column elementor-element elementor-element-3d710a1\" data-id=\"3d710a1\" data-element_type=\"column\">\n\t\t\t<div class=\"elementor-widget-wrap elementor-element-populated\">\n\t\t\t\t\t\t\t\t<div class=\"elementor-element elementor-element-1ce3ed5 elementor-widget elementor-widget-heading\" data-id=\"1ce3ed5\" data-element_type=\"widget\" data-widget_type=\"heading.default\">\n\t\t\t\t<div class=\"elementor-widget-container\">\n\t\t\t<style>\/*! elementor - v3.7.7 - 20-09-2022 *\/\n.elementor-heading-title{padding:0;margin:0;line-height:1}.elementor-widget-heading .elementor-heading-title[class*=elementor-size-]>a{color:inherit;font-size:inherit;line-height:inherit}.elementor-widget-heading .elementor-heading-title.elementor-size-small{font-size:15px}.elementor-widget-heading .elementor-heading-title.elementor-size-medium{font-size:19px}.elementor-widget-heading .elementor-heading-title.elementor-size-large{font-size:29px}.elementor-widget-heading .elementor-heading-title.elementor-size-xl{font-size:39px}.elementor-widget-heading .elementor-heading-title.elementor-size-xxl{font-size:59px}<\/style><h2 class=\"elementor-heading-title elementor-size-default\">Nous <b>investissons<\/b> dans des <b>projets innovants <\/b>port\u00e9s par des <b>\u00e9quipes exceptionnelles<\/b><\/h2>\t\t<\/div>\n\t\t\t\t<\/div>\n\t\t\t\t\t<\/div>\n\t\t<\/div>\n\t\t\t\t\t\t\t<\/div>\n\t\t<\/section>\n\t\t\t\t<section class=\"elementor-section elementor-top-section elementor-element elementor-element-97e093f elementor-section-full_width elementor-section-height-default elementor-section-height-default\" data-id=\"97e093f\" data-element_type=\"section\" data-settings=\"{&quot;_ha_eqh_enable&quot;:false}\">\n\t\t\t\t\t\t<div class=\"elementor-container elementor-column-gap-no\">\n\t\t\t\t\t<div class=\"elementor-column elementor-col-100 elementor-top-column elementor-element elementor-element-f370663\" data-id=\"f370663\" data-element_type=\"column\">\n\t\t\t<div class=\"elementor-widget-wrap elementor-element-populated\">\n\t\t\t\t\t\t\t\t<div class=\"elementor-element elementor-element-00dd209 elementor-widget elementor-widget-rs-heading\" data-id=\"00dd209\" data-element_type=\"widget\" data-widget_type=\"rs-heading.default\">\n\t\t\t\t<div class=\"elementor-widget-container\">\n\t\t\t        <div class=\"rs-heading default center \">\r\n        \t<div class=\"title-inner\">\r\n        \t\t      \t\t\r\n\t            \t        <\/div>\r\n\t                    \t<div class=\"description\">\r\n            \t\t<p>Nos investissements sont essentiellement ax\u00e9s sur les domaines de l\u2019innovation technologique, le changement climatique, l\u2019environnement, l\u2019esp\u00e9rance de vie et l\u2019\u00e9volution d\u00e9mographique.<\/p><p>\u00a0<\/p><p>Forts d\u2019une grande r\u00e9activit\u00e9 mais aussi d\u2019une grande exigence, nous investissons \u00e0 partir de 200.000 euros pour un volume annuel moyen de l\u2019ordre de 2 millions d\u2019euros aussi bien en France qu\u2019\u00e0 l\u2019international.<\/p>            \t\t\r\n            \t<\/div>\r\n        \t        <\/div>\r\n\r\n        \t\t<\/div>\n\t\t\t\t<\/div>\n\t\t\t\t<div class=\"elementor-element elementor-element-edeb9c7 ha-image-grid--fitRows elementor-widget elementor-widget-ha-image-grid happy-addon ha-image-grid\" data-id=\"edeb9c7\" data-element_type=\"widget\" data-settings=\"{&quot;layout&quot;:&quot;fitRows&quot;}\" data-widget_type=\"ha-image-grid.default\">\n\t\t\t\t<div class=\"elementor-widget-container\">\n\t\t\t\n\t\t<div class=\"ha-image-grid__wrap hajs-isotope\">\n\t\t\t\t\t\t\t\n\t\t\t\t<figure  class=\"ha-image-grid__item ha-js-lightbox __fltr-1\">\n\t\t\t\t\t<img loading=\"lazy\" decoding=\"async\" width=\"279\" height=\"180\" src=\"https:\/\/matam-capital.com\/wp-content\/uploads\/2022\/10\/BC-partners.png\" class=\"elementor-animation-shrink\" alt=\"\" \/>\t\t\t\t<\/figure>\n\t\t\t\t\t\t\t\n\t\t\t\t<figure  class=\"ha-image-grid__item ha-js-lightbox __fltr-1\">\n\t\t\t\t\t<img loading=\"lazy\" decoding=\"async\" width=\"311\" height=\"162\" src=\"https:\/\/matam-capital.com\/wp-content\/uploads\/2022\/10\/blackstone.png\" class=\"elementor-animation-shrink\" alt=\"\" srcset=\"https:\/\/matam-capital.com\/wp-content\/uploads\/2022\/10\/blackstone.png 311w, https:\/\/matam-capital.com\/wp-content\/uploads\/2022\/10\/blackstone-300x156.png 300w\" sizes=\"auto, (max-width: 311px) 100vw, 311px\" \/>\t\t\t\t<\/figure>\n\t\t\t\t\t\t\t\n\t\t\t\t<figure  class=\"ha-image-grid__item ha-js-lightbox __fltr-1\">\n\t\t\t\t\t<img loading=\"lazy\" decoding=\"async\" width=\"301\" height=\"167\" src=\"https:\/\/matam-capital.com\/wp-content\/uploads\/2022\/10\/bright.png\" class=\"elementor-animation-shrink\" alt=\"\" \/>\t\t\t\t<\/figure>\n\t\t\t\t\t\t\t\n\t\t\t\t<figure  class=\"ha-image-grid__item ha-js-lightbox __fltr-1\">\n\t\t\t\t\t<img loading=\"lazy\" decoding=\"async\" width=\"564\" height=\"89\" src=\"https:\/\/matam-capital.com\/wp-content\/uploads\/2022\/10\/capstone.png\" class=\"elementor-animation-shrink\" alt=\"\" srcset=\"https:\/\/matam-capital.com\/wp-content\/uploads\/2022\/10\/capstone.png 564w, https:\/\/matam-capital.com\/wp-content\/uploads\/2022\/10\/capstone-300x47.png 300w\" sizes=\"auto, (max-width: 564px) 100vw, 564px\" \/>\t\t\t\t<\/figure>\n\t\t\t\t\t\t\t\n\t\t\t\t<figure  class=\"ha-image-grid__item ha-js-lightbox __fltr-1\">\n\t\t\t\t\t<img loading=\"lazy\" decoding=\"async\" width=\"597\" height=\"84\" src=\"https:\/\/matam-capital.com\/wp-content\/uploads\/2022\/10\/carlyle.png\" class=\"elementor-animation-shrink\" alt=\"\" srcset=\"https:\/\/matam-capital.com\/wp-content\/uploads\/2022\/10\/carlyle.png 597w, https:\/\/matam-capital.com\/wp-content\/uploads\/2022\/10\/carlyle-300x42.png 300w\" sizes=\"auto, (max-width: 597px) 100vw, 597px\" \/>\t\t\t\t<\/figure>\n\t\t\t\t\t\t\t\n\t\t\t\t<figure  class=\"ha-image-grid__item ha-js-lightbox __fltr-1\">\n\t\t\t\t\t<img loading=\"lazy\" decoding=\"async\" width=\"436\" height=\"115\" src=\"https:\/\/matam-capital.com\/wp-content\/uploads\/2022\/10\/castelforge.jpg\" class=\"elementor-animation-shrink\" alt=\"\" srcset=\"https:\/\/matam-capital.com\/wp-content\/uploads\/2022\/10\/castelforge.jpg 436w, https:\/\/matam-capital.com\/wp-content\/uploads\/2022\/10\/castelforge-300x79.jpg 300w\" sizes=\"auto, (max-width: 436px) 100vw, 436px\" \/>\t\t\t\t<\/figure>\n\t\t\t\t\t\t\t\n\t\t\t\t<figure  class=\"ha-image-grid__item ha-js-lightbox __fltr-1\">\n\t\t\t\t\t<img loading=\"lazy\" decoding=\"async\" width=\"421\" height=\"120\" src=\"https:\/\/matam-capital.com\/wp-content\/uploads\/2022\/10\/catterton.jpg\" class=\"elementor-animation-shrink\" alt=\"\" srcset=\"https:\/\/matam-capital.com\/wp-content\/uploads\/2022\/10\/catterton.jpg 421w, https:\/\/matam-capital.com\/wp-content\/uploads\/2022\/10\/catterton-300x86.jpg 300w\" sizes=\"auto, (max-width: 421px) 100vw, 421px\" \/>\t\t\t\t<\/figure>\n\t\t\t\t\t\t\t\n\t\t\t\t<figure  class=\"ha-image-grid__item ha-js-lightbox __fltr-1\">\n\t\t\t\t\t<img loading=\"lazy\" decoding=\"async\" width=\"310\" height=\"162\" src=\"https:\/\/matam-capital.com\/wp-content\/uploads\/2022\/10\/colibra.png\" class=\"elementor-animation-shrink\" alt=\"\" srcset=\"https:\/\/matam-capital.com\/wp-content\/uploads\/2022\/10\/colibra.png 310w, https:\/\/matam-capital.com\/wp-content\/uploads\/2022\/10\/colibra-300x157.png 300w\" sizes=\"auto, (max-width: 310px) 100vw, 310px\" \/>\t\t\t\t<\/figure>\n\t\t\t\t\t\t\t\n\t\t\t\t<figure  class=\"ha-image-grid__item ha-js-lightbox __fltr-1\">\n\t\t\t\t\t<img loading=\"lazy\" decoding=\"async\" width=\"392\" height=\"120\" src=\"https:\/\/matam-capital.com\/wp-content\/uploads\/2022\/10\/fundcap-groupe.png\" class=\"elementor-animation-shrink\" alt=\"\" srcset=\"https:\/\/matam-capital.com\/wp-content\/uploads\/2022\/10\/fundcap-groupe.png 392w, https:\/\/matam-capital.com\/wp-content\/uploads\/2022\/10\/fundcap-groupe-300x92.png 300w\" sizes=\"auto, (max-width: 392px) 100vw, 392px\" \/>\t\t\t\t<\/figure>\n\t\t\t\t\t\t\t\n\t\t\t\t<figure  class=\"ha-image-grid__item ha-js-lightbox __fltr-1\">\n\t\t\t\t\t<img loading=\"lazy\" decoding=\"async\" width=\"486\" height=\"104\" src=\"https:\/\/matam-capital.com\/wp-content\/uploads\/2022\/10\/jovite.png\" class=\"elementor-animation-shrink\" alt=\"\" srcset=\"https:\/\/matam-capital.com\/wp-content\/uploads\/2022\/10\/jovite.png 486w, https:\/\/matam-capital.com\/wp-content\/uploads\/2022\/10\/jovite-300x64.png 300w\" sizes=\"auto, (max-width: 486px) 100vw, 486px\" \/>\t\t\t\t<\/figure>\n\t\t\t\t\t\t\t\n\t\t\t\t<figure  class=\"ha-image-grid__item ha-js-lightbox __fltr-1\">\n\t\t\t\t\t<img loading=\"lazy\" decoding=\"async\" width=\"235\" height=\"82\" src=\"https:\/\/matam-capital.com\/wp-content\/uploads\/2022\/10\/KKR-e1664742120373.jpg\" class=\"elementor-animation-shrink\" alt=\"\" \/>\t\t\t\t<\/figure>\n\t\t\t\t\t\t\t\n\t\t\t\t<figure  class=\"ha-image-grid__item ha-js-lightbox __fltr-1\">\n\t\t\t\t\t<img loading=\"lazy\" decoding=\"async\" width=\"465\" height=\"108\" src=\"https:\/\/matam-capital.com\/wp-content\/uploads\/2022\/10\/lasership.png\" class=\"elementor-animation-shrink\" alt=\"\" srcset=\"https:\/\/matam-capital.com\/wp-content\/uploads\/2022\/10\/lasership.png 465w, https:\/\/matam-capital.com\/wp-content\/uploads\/2022\/10\/lasership-300x70.png 300w\" sizes=\"auto, (max-width: 465px) 100vw, 465px\" \/>\t\t\t\t<\/figure>\n\t\t\t\t\t\t\t\n\t\t\t\t<figure  class=\"ha-image-grid__item ha-js-lightbox __fltr-1\">\n\t\t\t\t\t<img loading=\"lazy\" decoding=\"async\" width=\"470\" height=\"107\" src=\"https:\/\/matam-capital.com\/wp-content\/uploads\/2022\/10\/lightspeed.png\" class=\"elementor-animation-shrink\" alt=\"\" srcset=\"https:\/\/matam-capital.com\/wp-content\/uploads\/2022\/10\/lightspeed.png 470w, https:\/\/matam-capital.com\/wp-content\/uploads\/2022\/10\/lightspeed-300x68.png 300w\" sizes=\"auto, (max-width: 470px) 100vw, 470px\" \/>\t\t\t\t<\/figure>\n\t\t\t\t\t\t\t\n\t\t\t\t<figure  class=\"ha-image-grid__item ha-js-lightbox __fltr-1\">\n\t\t\t\t\t<img loading=\"lazy\" decoding=\"async\" width=\"367\" height=\"137\" src=\"https:\/\/matam-capital.com\/wp-content\/uploads\/2022\/10\/neo4j.png\" class=\"elementor-animation-shrink\" alt=\"\" srcset=\"https:\/\/matam-capital.com\/wp-content\/uploads\/2022\/10\/neo4j.png 367w, https:\/\/matam-capital.com\/wp-content\/uploads\/2022\/10\/neo4j-300x112.png 300w, https:\/\/matam-capital.com\/wp-content\/uploads\/2022\/10\/neo4j-365x137.png 365w\" sizes=\"auto, (max-width: 367px) 100vw, 367px\" \/>\t\t\t\t<\/figure>\n\t\t\t\t\t\t\t\n\t\t\t\t<figure  class=\"ha-image-grid__item ha-js-lightbox __fltr-1\">\n\t\t\t\t\t<img loading=\"lazy\" decoding=\"async\" width=\"547\" height=\"92\" src=\"https:\/\/matam-capital.com\/wp-content\/uploads\/2022\/10\/neuraxpharm.png\" class=\"elementor-animation-shrink\" alt=\"\" srcset=\"https:\/\/matam-capital.com\/wp-content\/uploads\/2022\/10\/neuraxpharm.png 547w, https:\/\/matam-capital.com\/wp-content\/uploads\/2022\/10\/neuraxpharm-300x50.png 300w\" sizes=\"auto, (max-width: 547px) 100vw, 547px\" \/>\t\t\t\t<\/figure>\n\t\t\t\t\t\t\t\n\t\t\t\t<figure  class=\"ha-image-grid__item ha-js-lightbox __fltr-1\">\n\t\t\t\t\t<img loading=\"lazy\" decoding=\"async\" width=\"300\" height=\"104\" src=\"https:\/\/matam-capital.com\/wp-content\/uploads\/2022\/10\/repair-solution.png\" class=\"elementor-animation-shrink\" alt=\"\" \/>\t\t\t\t<\/figure>\n\t\t\t\t\t\t\t\n\t\t\t\t<figure  class=\"ha-image-grid__item ha-js-lightbox __fltr-1\">\n\t\t\t\t\t<img loading=\"lazy\" decoding=\"async\" width=\"226\" height=\"62\" src=\"https:\/\/matam-capital.com\/wp-content\/uploads\/2022\/10\/stonefield-e1664742103542.jpg\" class=\"elementor-animation-shrink\" alt=\"\" \/>\t\t\t\t<\/figure>\n\t\t\t\t\t\t\t\n\t\t\t\t<figure  class=\"ha-image-grid__item ha-js-lightbox __fltr-1\">\n\t\t\t\t\t<img loading=\"lazy\" decoding=\"async\" width=\"444\" height=\"113\" src=\"https:\/\/matam-capital.com\/wp-content\/uploads\/2022\/10\/te\u0301le\u0301chargement-2.png\" class=\"elementor-animation-shrink\" alt=\"\" srcset=\"https:\/\/matam-capital.com\/wp-content\/uploads\/2022\/10\/te\u0301le\u0301chargement-2.png 444w, https:\/\/matam-capital.com\/wp-content\/uploads\/2022\/10\/te\u0301le\u0301chargement-2-300x76.png 300w\" sizes=\"auto, (max-width: 444px) 100vw, 444px\" \/>\t\t\t\t<\/figure>\n\t\t\t\t\t\t\t\n\t\t\t\t<figure  class=\"ha-image-grid__item ha-js-lightbox __fltr-1\">\n\t\t\t\t\t<img loading=\"lazy\" decoding=\"async\" width=\"198\" height=\"111\" src=\"https:\/\/matam-capital.com\/wp-content\/uploads\/2022\/10\/te\u0301le\u0301chargement3-e1664742140267.jpg\" class=\"elementor-animation-shrink\" alt=\"\" \/>\t\t\t\t<\/figure>\n\t\t\t\t\t\t\t\n\t\t\t\t<figure  class=\"ha-image-grid__item ha-js-lightbox __fltr-1\">\n\t\t\t\t\t<img loading=\"lazy\" decoding=\"async\" width=\"336\" height=\"150\" src=\"https:\/\/matam-capital.com\/wp-content\/uploads\/2022\/10\/te\u0301le\u0301chargement4.jpg\" class=\"elementor-animation-shrink\" alt=\"\" srcset=\"https:\/\/matam-capital.com\/wp-content\/uploads\/2022\/10\/te\u0301le\u0301chargement4.jpg 336w, https:\/\/matam-capital.com\/wp-content\/uploads\/2022\/10\/te\u0301le\u0301chargement4-300x134.jpg 300w\" sizes=\"auto, (max-width: 336px) 100vw, 336px\" \/>\t\t\t\t<\/figure>\n\t\t\t\t\t\t\t\n\t\t\t\t<figure  class=\"ha-image-grid__item ha-js-lightbox __fltr-1\">\n\t\t\t\t\t<img loading=\"lazy\" decoding=\"async\" width=\"290\" height=\"174\" src=\"https:\/\/matam-capital.com\/wp-content\/uploads\/2022\/10\/te\u0301le\u0301chargement5.png\" class=\"elementor-animation-shrink\" alt=\"\" \/>\t\t\t\t<\/figure>\n\t\t\t\t\t\t\t\n\t\t\t\t<figure  class=\"ha-image-grid__item ha-js-lightbox __fltr-1\">\n\t\t\t\t\t<img loading=\"lazy\" decoding=\"async\" width=\"267\" height=\"189\" src=\"https:\/\/matam-capital.com\/wp-content\/uploads\/2022\/10\/te\u0301le\u0301chargement6.png\" class=\"elementor-animation-shrink\" alt=\"\" \/>\t\t\t\t<\/figure>\n\t\t\t\t\t\t\t\n\t\t\t\t<figure  class=\"ha-image-grid__item ha-js-lightbox __fltr-1\">\n\t\t\t\t\t<img loading=\"lazy\" decoding=\"async\" width=\"301\" height=\"167\" src=\"https:\/\/matam-capital.com\/wp-content\/uploads\/2022\/10\/te\u0301le\u0301chargement7.png\" class=\"elementor-animation-shrink\" alt=\"\" \/>\t\t\t\t<\/figure>\n\t\t\t\t\t\t\t\n\t\t\t\t<figure  class=\"ha-image-grid__item ha-js-lightbox __fltr-1\">\n\t\t\t\t\t<img loading=\"lazy\" decoding=\"async\" width=\"219\" height=\"230\" src=\"https:\/\/matam-capital.com\/wp-content\/uploads\/2022\/10\/te\u0301le\u0301chargement8.png\" class=\"elementor-animation-shrink\" alt=\"\" \/>\t\t\t\t<\/figure>\n\t\t\t\t\t\t\t\n\t\t\t\t<figure  class=\"ha-image-grid__item ha-js-lightbox __fltr-1\">\n\t\t\t\t\t<img loading=\"lazy\" decoding=\"async\" width=\"450\" height=\"112\" src=\"https:\/\/matam-capital.com\/wp-content\/uploads\/2022\/10\/te\u0301le\u0301chargement9.png\" class=\"elementor-animation-shrink\" alt=\"\" srcset=\"https:\/\/matam-capital.com\/wp-content\/uploads\/2022\/10\/te\u0301le\u0301chargement9.png 450w, https:\/\/matam-capital.com\/wp-content\/uploads\/2022\/10\/te\u0301le\u0301chargement9-300x75.png 300w\" sizes=\"auto, (max-width: 450px) 100vw, 450px\" \/>\t\t\t\t<\/figure>\n\t\t\t\t\t\t\t\n\t\t\t\t<figure  class=\"ha-image-grid__item ha-js-lightbox __fltr-1\">\n\t\t\t\t\t<img loading=\"lazy\" decoding=\"async\" width=\"200\" height=\"200\" src=\"https:\/\/matam-capital.com\/wp-content\/uploads\/2022\/10\/te\u0301le\u0301chargement10.png\" class=\"elementor-animation-shrink\" alt=\"\" srcset=\"https:\/\/matam-capital.com\/wp-content\/uploads\/2022\/10\/te\u0301le\u0301chargement10.png 200w, https:\/\/matam-capital.com\/wp-content\/uploads\/2022\/10\/te\u0301le\u0301chargement10-150x150.png 150w, https:\/\/matam-capital.com\/wp-content\/uploads\/2022\/10\/te\u0301le\u0301chargement10-100x100.png 100w\" sizes=\"auto, (max-width: 200px) 100vw, 200px\" \/>\t\t\t\t<\/figure>\n\t\t\t\t\t\t\t\n\t\t\t\t<figure  class=\"ha-image-grid__item ha-js-lightbox __fltr-1\">\n\t\t\t\t\t<img loading=\"lazy\" decoding=\"async\" width=\"404\" height=\"125\" src=\"https:\/\/matam-capital.com\/wp-content\/uploads\/2022\/10\/venbio.jpg\" class=\"elementor-animation-shrink\" alt=\"\" srcset=\"https:\/\/matam-capital.com\/wp-content\/uploads\/2022\/10\/venbio.jpg 404w, https:\/\/matam-capital.com\/wp-content\/uploads\/2022\/10\/venbio-300x93.jpg 300w\" sizes=\"auto, (max-width: 404px) 100vw, 404px\" \/>\t\t\t\t<\/figure>\n\t\t\t\t\t<\/div>\n\n\t\t\t\t<\/div>\n\t\t\t\t<\/div>\n\t\t\t\t\t<\/div>\n\t\t<\/div>\n\t\t\t\t\t\t\t<\/div>\n\t\t<\/section>\n\t\t\t\t\t\t\t<\/div>\n\t\t","protected":false},"excerpt":{"rendered":"<p>Nous investissons dans des projets innovants port\u00e9s par des \u00e9quipes exceptionnelles Nos investissements sont essentiellement ax\u00e9s sur les domaines de l\u2019innovation technologique, le changement climatique, l\u2019environnement, l\u2019esp\u00e9rance de vie et l\u2019\u00e9volution d\u00e9mographique. \u00a0 Forts d\u2019une grande r\u00e9activit\u00e9 mais aussi d\u2019une grande exigence, nous investissons \u00e0 partir de 200.000 euros pour un volume annuel moyen de&#8230;<\/p>\n","protected":false},"author":1,"featured_media":14969,"parent":0,"menu_order":0,"comment_status":"closed","ping_status":"closed","template":"","meta":{"footnotes":""},"class_list":["post-15010","page","type-page","status-publish","has-post-thumbnail","hentry"],"yoast_head":"<!-- This site is optimized with the Yoast SEO plugin v19.8 - https:\/\/yoast.com\/wordpress\/plugins\/seo\/ -->\n<title>Capital Investissement - Matam Capital<\/title>\n<meta name=\"robots\" content=\"index, follow, max-snippet:-1, max-image-preview:large, max-video-preview:-1\" \/>\n<link rel=\"canonical\" href=\"https:\/\/matam-capital.com\/fr\/capital-investissement\/\" \/>\n<meta property=\"og:locale\" content=\"fr_FR\" \/>\n<meta property=\"og:type\" content=\"article\" \/>\n<meta property=\"og:title\" content=\"Capital Investissement - Matam Capital\" \/>\n<meta property=\"og:description\" content=\"Nous investissons dans des projets innovants port\u00e9s par des \u00e9quipes exceptionnelles Nos investissements sont essentiellement ax\u00e9s sur les domaines de l\u2019innovation technologique, le changement climatique, l\u2019environnement, l\u2019esp\u00e9rance de vie et l\u2019\u00e9volution d\u00e9mographique. \u00a0 Forts d\u2019une grande r\u00e9activit\u00e9 mais aussi d\u2019une grande exigence, nous investissons \u00e0 partir de 200.000 euros pour un volume annuel moyen de...\" \/>\n<meta property=\"og:url\" content=\"https:\/\/matam-capital.com\/fr\/capital-investissement\/\" \/>\n<meta property=\"og:site_name\" content=\"Matam Capital\" \/>\n<meta property=\"article:modified_time\" content=\"2022-10-07T10:23:13+00:00\" \/>\n<meta property=\"og:image\" content=\"http:\/\/matam-capital.com\/wp-content\/uploads\/2022\/10\/BC-partners.png\" \/>\n<meta name=\"twitter:card\" content=\"summary_large_image\" \/>\n<script type=\"application\/ld+json\" class=\"yoast-schema-graph\">{\"@context\":\"https:\/\/schema.org\",\"@graph\":[{\"@type\":\"WebPage\",\"@id\":\"https:\/\/matam-capital.com\/fr\/capital-investissement\/\",\"url\":\"https:\/\/matam-capital.com\/fr\/capital-investissement\/\",\"name\":\"Capital Investissement - Matam Capital\",\"isPartOf\":{\"@id\":\"https:\/\/matam-capital.com\/#website\"},\"datePublished\":\"2022-10-07T09:34:38+00:00\",\"dateModified\":\"2022-10-07T10:23:13+00:00\",\"breadcrumb\":{\"@id\":\"https:\/\/matam-capital.com\/fr\/capital-investissement\/#breadcrumb\"},\"inLanguage\":\"fr-FR\",\"potentialAction\":[{\"@type\":\"ReadAction\",\"target\":[\"https:\/\/matam-capital.com\/fr\/capital-investissement\/\"]}]},{\"@type\":\"BreadcrumbList\",\"@id\":\"https:\/\/matam-capital.com\/fr\/capital-investissement\/#breadcrumb\",\"itemListElement\":[{\"@type\":\"ListItem\",\"position\":1,\"name\":\"Home\",\"item\":\"https:\/\/matam-capital.com\/fr\/accueil\/\"},{\"@type\":\"ListItem\",\"position\":2,\"name\":\"Capital Investissement\"}]},{\"@type\":\"WebSite\",\"@id\":\"https:\/\/matam-capital.com\/#website\",\"url\":\"https:\/\/matam-capital.com\/\",\"name\":\"Matam Capital\",\"description\":\"Invest Long term\",\"publisher\":{\"@id\":\"https:\/\/matam-capital.com\/#organization\"},\"potentialAction\":[{\"@type\":\"SearchAction\",\"target\":{\"@type\":\"EntryPoint\",\"urlTemplate\":\"https:\/\/matam-capital.com\/?s={search_term_string}\"},\"query-input\":\"required name=search_term_string\"}],\"inLanguage\":\"fr-FR\"},{\"@type\":\"Organization\",\"@id\":\"https:\/\/matam-capital.com\/#organization\",\"name\":\"Matam Capital\",\"url\":\"https:\/\/matam-capital.com\/\",\"sameAs\":[\"https:\/\/www.linkedin.com\/company\/matam-developpement\/\"],\"logo\":{\"@type\":\"ImageObject\",\"inLanguage\":\"fr-FR\",\"@id\":\"https:\/\/matam-capital.com\/#\/schema\/logo\/image\/\",\"url\":\"https:\/\/matam-capital.com\/wp-content\/uploads\/2022\/10\/cropped-NOIR.png\",\"contentUrl\":\"https:\/\/matam-capital.com\/wp-content\/uploads\/2022\/10\/cropped-NOIR.png\",\"width\":500,\"height\":500,\"caption\":\"Matam Capital\"},\"image\":{\"@id\":\"https:\/\/matam-capital.com\/#\/schema\/logo\/image\/\"}}]}<\/script>\n<!-- \/ Yoast SEO plugin. -->","yoast_head_json":{"title":"Capital Investissement - Matam Capital","robots":{"index":"index","follow":"follow","max-snippet":"max-snippet:-1","max-image-preview":"max-image-preview:large","max-video-preview":"max-video-preview:-1"},"canonical":"https:\/\/matam-capital.com\/fr\/capital-investissement\/","og_locale":"fr_FR","og_type":"article","og_title":"Capital Investissement - Matam Capital","og_description":"Nous investissons dans des projets innovants port\u00e9s par des \u00e9quipes exceptionnelles Nos investissements sont essentiellement ax\u00e9s sur les domaines de l\u2019innovation technologique, le changement climatique, l\u2019environnement, l\u2019esp\u00e9rance de vie et l\u2019\u00e9volution d\u00e9mographique. \u00a0 Forts d\u2019une grande r\u00e9activit\u00e9 mais aussi d\u2019une grande exigence, nous investissons \u00e0 partir de 200.000 euros pour un volume annuel moyen de...","og_url":"https:\/\/matam-capital.com\/fr\/capital-investissement\/","og_site_name":"Matam Capital","article_modified_time":"2022-10-07T10:23:13+00:00","og_image":[{"url":"http:\/\/matam-capital.com\/wp-content\/uploads\/2022\/10\/BC-partners.png"}],"twitter_card":"summary_large_image","schema":{"@context":"https:\/\/schema.org","@graph":[{"@type":"WebPage","@id":"https:\/\/matam-capital.com\/fr\/capital-investissement\/","url":"https:\/\/matam-capital.com\/fr\/capital-investissement\/","name":"Capital Investissement - Matam Capital","isPartOf":{"@id":"https:\/\/matam-capital.com\/#website"},"datePublished":"2022-10-07T09:34:38+00:00","dateModified":"2022-10-07T10:23:13+00:00","breadcrumb":{"@id":"https:\/\/matam-capital.com\/fr\/capital-investissement\/#breadcrumb"},"inLanguage":"fr-FR","potentialAction":[{"@type":"ReadAction","target":["https:\/\/matam-capital.com\/fr\/capital-investissement\/"]}]},{"@type":"BreadcrumbList","@id":"https:\/\/matam-capital.com\/fr\/capital-investissement\/#breadcrumb","itemListElement":[{"@type":"ListItem","position":1,"name":"Home","item":"https:\/\/matam-capital.com\/fr\/accueil\/"},{"@type":"ListItem","position":2,"name":"Capital Investissement"}]},{"@type":"WebSite","@id":"https:\/\/matam-capital.com\/#website","url":"https:\/\/matam-capital.com\/","name":"Matam Capital","description":"Invest Long term","publisher":{"@id":"https:\/\/matam-capital.com\/#organization"},"potentialAction":[{"@type":"SearchAction","target":{"@type":"EntryPoint","urlTemplate":"https:\/\/matam-capital.com\/?s={search_term_string}"},"query-input":"required name=search_term_string"}],"inLanguage":"fr-FR"},{"@type":"Organization","@id":"https:\/\/matam-capital.com\/#organization","name":"Matam Capital","url":"https:\/\/matam-capital.com\/","sameAs":["https:\/\/www.linkedin.com\/company\/matam-developpement\/"],"logo":{"@type":"ImageObject","inLanguage":"fr-FR","@id":"https:\/\/matam-capital.com\/#\/schema\/logo\/image\/","url":"https:\/\/matam-capital.com\/wp-content\/uploads\/2022\/10\/cropped-NOIR.png","contentUrl":"https:\/\/matam-capital.com\/wp-content\/uploads\/2022\/10\/cropped-NOIR.png","width":500,"height":500,"caption":"Matam Capital"},"image":{"@id":"https:\/\/matam-capital.com\/#\/schema\/logo\/image\/"}}]}},"_links":{"self":[{"href":"https:\/\/matam-capital.com\/fr\/wp-json\/wp\/v2\/pages\/15010","targetHints":{"allow":["GET"]}}],"collection":[{"href":"https:\/\/matam-capital.com\/fr\/wp-json\/wp\/v2\/pages"}],"about":[{"href":"https:\/\/matam-capital.com\/fr\/wp-json\/wp\/v2\/types\/page"}],"author":[{"embeddable":true,"href":"https:\/\/matam-capital.com\/fr\/wp-json\/wp\/v2\/users\/1"}],"replies":[{"embeddable":true,"href":"https:\/\/matam-capital.com\/fr\/wp-json\/wp\/v2\/comments?post=15010"}],"version-history":[{"count":11,"href":"https:\/\/matam-capital.com\/fr\/wp-json\/wp\/v2\/pages\/15010\/revisions"}],"predecessor-version":[{"id":15080,"href":"https:\/\/matam-capital.com\/fr\/wp-json\/wp\/v2\/pages\/15010\/revisions\/15080"}],"wp:featuredmedia":[{"embeddable":true,"href":"https:\/\/matam-capital.com\/fr\/wp-json\/wp\/v2\/media\/14969"}],"wp:attachment":[{"href":"https:\/\/matam-capital.com\/fr\/wp-json\/wp\/v2\/media?parent=15010"}],"curies":[{"name":"wp","href":"https:\/\/api.w.org\/{rel}","templated":true}]}}